{"id":609,"date":"2017-06-06T21:21:56","date_gmt":"2017-06-06T21:21:56","guid":{"rendered":"https:\/\/stakla-klaric.com\/webnew\/o-nama\/"},"modified":"2017-06-29T20:19:03","modified_gmt":"2017-06-29T20:19:03","slug":"o-nama","status":"publish","type":"page","link":"https:\/\/www.stakla-klaric.com\/en\/","title":{"rendered":"About us"},"content":{"rendered":"<p>Our main business is the production of glass splashbacks, kitchen glass cabinets, sliding doors for built-in wardrobe, sliding doors and glass partitions for the interior.<\/p>\n<p>&nbsp;<\/p>\n","protected":false},"excerpt":{"rendered":"<p>Our main business is the production of glass splashbacks, kitchen glass cabinets, sliding doors for &hellip;<\/p>\n","protected":false},"author":1,"featured_media":0,"parent":0,"menu_order":3,"comment_status":"closed","ping_status":"closed","template":"tpl-home.php","meta":{"_acf_changed":false,"footnotes":""},"class_list":["post-609","page","type-page","status-publish","hentry"],"acf":[],"yoast_head":"<!-- This site is optimized with the Yoast SEO plugin v27.5 - https:\/\/yoast.com\/product\/yoast-seo-wordpress\/ -->\n<title>Stakla Klari\u0107 | Dom iz snova<\/title>\n<meta name=\"description\" content=\"Tra\u017eite jedinstveno ure\u0111enje doma? Tada je staklo pravi materijal za vas! Dodir sofisticiranosti i luksuza...\" \/>\n<meta name=\"robots\" content=\"index, follow, max-snippet:-1, max-image-preview:large, max-video-preview:-1\" \/>\n<link rel=\"canonical\" href=\"https:\/\/www.stakla-klaric.com\/en\/\" \/>\n<meta property=\"og:locale\" content=\"en_US\" \/>\n<meta property=\"og:type\" content=\"article\" \/>\n<meta property=\"og:title\" content=\"Stakla Klari\u0107 | Dom iz snova\" \/>\n<meta property=\"og:description\" content=\"Tra\u017eite jedinstveno ure\u0111enje doma? Tada je staklo pravi materijal za vas! Dodir sofisticiranosti i luksuza...\" \/>\n<meta property=\"og:url\" content=\"https:\/\/www.stakla-klaric.com\/en\/\" \/>\n<meta property=\"og:site_name\" content=\"Sakla Klari\u0107\" \/>\n<meta property=\"article:modified_time\" content=\"2017-06-29T20:19:03+00:00\" \/>\n<meta name=\"twitter:card\" content=\"summary_large_image\" \/>\n<script type=\"application\/ld+json\" class=\"yoast-schema-graph\">{\"@context\":\"https:\\\/\\\/schema.org\",\"@graph\":[{\"@type\":\"WebPage\",\"@id\":\"https:\\\/\\\/www.stakla-klaric.com\\\/en\\\/\",\"url\":\"https:\\\/\\\/www.stakla-klaric.com\\\/en\\\/\",\"name\":\"Stakla Klari\u0107 | Dom iz snova\",\"isPartOf\":{\"@id\":\"https:\\\/\\\/www.stakla-klaric.com\\\/#website\"},\"datePublished\":\"2017-06-06T21:21:56+00:00\",\"dateModified\":\"2017-06-29T20:19:03+00:00\",\"description\":\"Tra\u017eite jedinstveno ure\u0111enje doma? Tada je staklo pravi materijal za vas! Dodir sofisticiranosti i luksuza...\",\"breadcrumb\":{\"@id\":\"https:\\\/\\\/www.stakla-klaric.com\\\/en\\\/#breadcrumb\"},\"inLanguage\":\"en-US\",\"potentialAction\":[{\"@type\":\"ReadAction\",\"target\":[\"https:\\\/\\\/www.stakla-klaric.com\\\/en\\\/\"]}]},{\"@type\":\"BreadcrumbList\",\"@id\":\"https:\\\/\\\/www.stakla-klaric.com\\\/en\\\/#breadcrumb\",\"itemListElement\":[{\"@type\":\"ListItem\",\"position\":1,\"name\":\"Home\",\"item\":\"https:\\\/\\\/www.stakla-klaric.com\\\/en\\\/\"},{\"@type\":\"ListItem\",\"position\":2,\"name\":\"About us\"}]},{\"@type\":\"WebSite\",\"@id\":\"https:\\\/\\\/www.stakla-klaric.com\\\/#website\",\"url\":\"https:\\\/\\\/www.stakla-klaric.com\\\/\",\"name\":\"Sakla Klari\u0107\",\"description\":\"\",\"potentialAction\":[{\"@type\":\"SearchAction\",\"target\":{\"@type\":\"EntryPoint\",\"urlTemplate\":\"https:\\\/\\\/www.stakla-klaric.com\\\/?s={search_term_string}\"},\"query-input\":{\"@type\":\"PropertyValueSpecification\",\"valueRequired\":true,\"valueName\":\"search_term_string\"}}],\"inLanguage\":\"en-US\"}]}<\/script>\n<!-- \/ Yoast SEO plugin. -->","yoast_head_json":{"title":"Stakla Klari\u0107 | Dom iz snova","description":"Tra\u017eite jedinstveno ure\u0111enje doma? Tada je staklo pravi materijal za vas! Dodir sofisticiranosti i luksuza...","robots":{"index":"index","follow":"follow","max-snippet":"max-snippet:-1","max-image-preview":"max-image-preview:large","max-video-preview":"max-video-preview:-1"},"canonical":"https:\/\/www.stakla-klaric.com\/en\/","og_locale":"en_US","og_type":"article","og_title":"Stakla Klari\u0107 | Dom iz snova","og_description":"Tra\u017eite jedinstveno ure\u0111enje doma? Tada je staklo pravi materijal za vas! Dodir sofisticiranosti i luksuza...","og_url":"https:\/\/www.stakla-klaric.com\/en\/","og_site_name":"Sakla Klari\u0107","article_modified_time":"2017-06-29T20:19:03+00:00","twitter_card":"summary_large_image","schema":{"@context":"https:\/\/schema.org","@graph":[{"@type":"WebPage","@id":"https:\/\/www.stakla-klaric.com\/en\/","url":"https:\/\/www.stakla-klaric.com\/en\/","name":"Stakla Klari\u0107 | Dom iz snova","isPartOf":{"@id":"https:\/\/www.stakla-klaric.com\/#website"},"datePublished":"2017-06-06T21:21:56+00:00","dateModified":"2017-06-29T20:19:03+00:00","description":"Tra\u017eite jedinstveno ure\u0111enje doma? Tada je staklo pravi materijal za vas! Dodir sofisticiranosti i luksuza...","breadcrumb":{"@id":"https:\/\/www.stakla-klaric.com\/en\/#breadcrumb"},"inLanguage":"en-US","potentialAction":[{"@type":"ReadAction","target":["https:\/\/www.stakla-klaric.com\/en\/"]}]},{"@type":"BreadcrumbList","@id":"https:\/\/www.stakla-klaric.com\/en\/#breadcrumb","itemListElement":[{"@type":"ListItem","position":1,"name":"Home","item":"https:\/\/www.stakla-klaric.com\/en\/"},{"@type":"ListItem","position":2,"name":"About us"}]},{"@type":"WebSite","@id":"https:\/\/www.stakla-klaric.com\/#website","url":"https:\/\/www.stakla-klaric.com\/","name":"Sakla Klari\u0107","description":"","potentialAction":[{"@type":"SearchAction","target":{"@type":"EntryPoint","urlTemplate":"https:\/\/www.stakla-klaric.com\/?s={search_term_string}"},"query-input":{"@type":"PropertyValueSpecification","valueRequired":true,"valueName":"search_term_string"}}],"inLanguage":"en-US"}]}},"_links":{"self":[{"href":"https:\/\/www.stakla-klaric.com\/en\/wp-json\/wp\/v2\/pages\/609","targetHints":{"allow":["GET"]}}],"collection":[{"href":"https:\/\/www.stakla-klaric.com\/en\/wp-json\/wp\/v2\/pages"}],"about":[{"href":"https:\/\/www.stakla-klaric.com\/en\/wp-json\/wp\/v2\/types\/page"}],"author":[{"embeddable":true,"href":"https:\/\/www.stakla-klaric.com\/en\/wp-json\/wp\/v2\/users\/1"}],"replies":[{"embeddable":true,"href":"https:\/\/www.stakla-klaric.com\/en\/wp-json\/wp\/v2\/comments?post=609"}],"version-history":[{"count":5,"href":"https:\/\/www.stakla-klaric.com\/en\/wp-json\/wp\/v2\/pages\/609\/revisions"}],"predecessor-version":[{"id":650,"href":"https:\/\/www.stakla-klaric.com\/en\/wp-json\/wp\/v2\/pages\/609\/revisions\/650"}],"wp:attachment":[{"href":"https:\/\/www.stakla-klaric.com\/en\/wp-json\/wp\/v2\/media?parent=609"}],"curies":[{"name":"wp","href":"https:\/\/api.w.org\/{rel}","templated":true}]}}